{"id":1374,"date":"2025-12-25T14:12:38","date_gmt":"2025-12-25T14:12:38","guid":{"rendered":"https:\/\/dnremote.com\/?page_id=1374"},"modified":"2025-12-25T14:13:11","modified_gmt":"2025-12-25T14:13:11","slug":"testimonial","status":"publish","type":"page","link":"https:\/\/dnremote.com\/index.php\/testimonial\/","title":{"rendered":"Testimonial"},"content":{"rendered":"\t\t<div data-elementor-type=\"wp-page\" data-elementor-id=\"1374\" class=\"elementor elementor-1374\" data-elementor-post-type=\"page\">\n\t\t\t\t<div class=\"elementor-element elementor-element-06d9fcf e-flex e-con-boxed e-con e-parent\" data-id=\"06d9fcf\" data-element_type=\"container\" data-settings=\"{&quot;background_background&quot;:&quot;classic&quot;}\">\n\t\t\t\t\t<div class=\"e-con-inner\">\n\t\t\t\t<div class=\"elementor-element elementor-element-43dc59d elementor-widget elementor-widget-text-editor\" data-id=\"43dc59d\" data-element_type=\"widget\" data-widget_type=\"text-editor.default\">\n\t\t\t\t\t\t\t\t\tUdtalelser\t\t\t\t\t\t\t\t<\/div>\n\t\t\t\t<div class=\"elementor-element elementor-element-fdf85ac elementor-widget elementor-widget-heading\" data-id=\"fdf85ac\" data-element_type=\"widget\" data-widget_type=\"heading.default\">\n\t\t\t\t\t<h2 class=\"elementor-heading-title elementor-size-default\">Hvad vores teammedlemmer siger\n<\/h2>\t\t\t\t<\/div>\n\t\t\t\t<div class=\"elementor-element elementor-element-0f5fbbe elementor-widget elementor-widget-text-editor\" data-id=\"0f5fbbe\" data-element_type=\"widget\" data-widget_type=\"text-editor.default\">\n\t\t\t\t\t\t\t\t\t\u00c6gte feedback fra personer, der har deltaget i vores fjernarbejdsmuligheder og oplevet vores strukturerede arbejdsproces, fleksible arbejdstider og l\u00f8bende support.\t\t\t\t\t\t\t\t<\/div>\n\t\t<div class=\"elementor-element elementor-element-216e154 e-con-full e-flex e-con e-child\" data-id=\"216e154\" data-element_type=\"container\" data-settings=\"{&quot;background_background&quot;:&quot;classic&quot;}\">\n\t\t<div class=\"elementor-element elementor-element-1ee8506 e-con-full e-flex e-con e-child\" data-id=\"1ee8506\" data-element_type=\"container\">\n\t\t\t\t<div class=\"elementor-element elementor-element-06f5f67 elementor-view-default elementor-widget elementor-widget-icon\" data-id=\"06f5f67\" data-element_type=\"widget\" data-widget_type=\"icon.default\">\n\t\t\t\t\t\t\t<div class=\"elementor-icon-wrapper\">\n\t\t\t<div class=\"elementor-icon\">\n\t\t\t<svg aria-hidden=\"true\" class=\"e-font-icon-svg e-fas-quote-right\" viewBox=\"0 0 512 512\" xmlns=\"http:\/\/www.w3.org\/2000\/svg\"><path d=\"M464 32H336c-26.5 0-48 21.5-48 48v128c0 26.5 21.5 48 48 48h80v64c0 35.3-28.7 64-64 64h-8c-13.3 0-24 10.7-24 24v48c0 13.3 10.7 24 24 24h8c88.4 0 160-71.6 160-160V80c0-26.5-21.5-48-48-48zm-288 0H48C21.5 32 0 53.5 0 80v128c0 26.5 21.5 48 48 48h80v64c0 35.3-28.7 64-64 64h-8c-13.3 0-24 10.7-24 24v48c0 13.3 10.7 24 24 24h8c88.4 0 160-71.6 160-160V80c0-26.5-21.5-48-48-48z\"><\/path><\/svg>\t\t\t<\/div>\n\t\t<\/div>\n\t\t\t\t\t\t<\/div>\n\t\t\t\t<div class=\"elementor-element elementor-element-b2628b5 elementor-widget elementor-widget-heading\" data-id=\"b2628b5\" data-element_type=\"widget\" data-widget_type=\"heading.default\">\n\t\t\t\t\t<h4 class=\"elementor-heading-title elementor-size-default\">\u201cJeg ledte efter en fleksibel online rolle, og denne platform levede op til mine forventninger. Kommunikation er smidig, instruktionerne er klare, og jeg f\u00f8ler mig tryg ved at h\u00e5ndtere mit arbejde p\u00e5 afstand.\u201d<\/h4>\t\t\t\t<\/div>\n\t\t<div class=\"elementor-element elementor-element-6ce22bb e-con-full e-flex e-con e-child\" data-id=\"6ce22bb\" data-element_type=\"container\">\n\t\t<div class=\"elementor-element elementor-element-880b88a e-con-full e-flex e-con e-child\" data-id=\"880b88a\" data-element_type=\"container\">\n\t\t\t\t<div class=\"elementor-element elementor-element-58bb397 elementor-widget elementor-widget-image\" data-id=\"58bb397\" data-element_type=\"widget\" data-widget_type=\"image.default\">\n\t\t\t\t\t\t\t\t\t\t\t\t\t\t\t<img decoding=\"async\" width=\"120\" height=\"120\" src=\"https:\/\/dnremote.com\/wp-content\/uploads\/2025\/10\/home-hero-user-1.webp\" class=\"attachment-large size-large wp-image-300\" alt=\"\" \/>\t\t\t\t\t\t\t\t\t\t\t\t\t\t\t<\/div>\n\t\t\t\t<\/div>\n\t\t<div class=\"elementor-element elementor-element-641ef76 e-con-full e-flex e-con e-child\" data-id=\"641ef76\" data-element_type=\"container\">\n\t\t\t\t<div class=\"elementor-element elementor-element-45779ef elementor-widget elementor-widget-text-editor\" data-id=\"45779ef\" data-element_type=\"widget\" data-widget_type=\"text-editor.default\">\n\t\t\t\t\t\t\t\t\t<p>Alicia<\/p>\t\t\t\t\t\t\t\t<\/div>\n\t\t\t\t<div class=\"elementor-element elementor-element-9f67257 elementor-widget elementor-widget-text-editor\" data-id=\"9f67257\" data-element_type=\"widget\" data-widget_type=\"text-editor.default\">\n\t\t\t\t\t\t\t\t\t<p>Freelance<\/p>\t\t\t\t\t\t\t\t<\/div>\n\t\t\t\t<\/div>\n\t\t\t\t<\/div>\n\t\t\t\t<\/div>\n\t\t<div class=\"elementor-element elementor-element-dbb2d7a e-con-full e-flex e-con e-child\" data-id=\"dbb2d7a\" data-element_type=\"container\">\n\t\t\t\t<div class=\"elementor-element elementor-element-5cc0726 elementor-view-default elementor-widget elementor-widget-icon\" data-id=\"5cc0726\" data-element_type=\"widget\" data-widget_type=\"icon.default\">\n\t\t\t\t\t\t\t<div class=\"elementor-icon-wrapper\">\n\t\t\t<div class=\"elementor-icon\">\n\t\t\t<svg aria-hidden=\"true\" class=\"e-font-icon-svg e-fas-quote-right\" viewBox=\"0 0 512 512\" xmlns=\"http:\/\/www.w3.org\/2000\/svg\"><path d=\"M464 32H336c-26.5 0-48 21.5-48 48v128c0 26.5 21.5 48 48 48h80v64c0 35.3-28.7 64-64 64h-8c-13.3 0-24 10.7-24 24v48c0 13.3 10.7 24 24 24h8c88.4 0 160-71.6 160-160V80c0-26.5-21.5-48-48-48zm-288 0H48C21.5 32 0 53.5 0 80v128c0 26.5 21.5 48 48 48h80v64c0 35.3-28.7 64-64 64h-8c-13.3 0-24 10.7-24 24v48c0 13.3 10.7 24 24 24h8c88.4 0 160-71.6 160-160V80c0-26.5-21.5-48-48-48z\"><\/path><\/svg>\t\t\t<\/div>\n\t\t<\/div>\n\t\t\t\t\t\t<\/div>\n\t\t\t\t<div class=\"elementor-element elementor-element-e628fec elementor-widget elementor-widget-heading\" data-id=\"e628fec\" data-element_type=\"widget\" data-widget_type=\"heading.default\">\n\t\t\t\t\t<h4 class=\"elementor-heading-title elementor-size-default\">\u201cOnboarding-processen var enkel, og jeg satte pris p\u00e5 den l\u00f8bende vejledning. De fjernbaserede opgaver passer godt ind i min hverdag og g\u00f8r det lettere at balancere arbejde og privatliv.\u201d<\/h4>\t\t\t\t<\/div>\n\t\t<div class=\"elementor-element elementor-element-fcae0a8 e-con-full e-flex e-con e-child\" data-id=\"fcae0a8\" data-element_type=\"container\">\n\t\t<div class=\"elementor-element elementor-element-8730b73 e-con-full e-flex e-con e-child\" data-id=\"8730b73\" data-element_type=\"container\">\n\t\t\t\t<div class=\"elementor-element elementor-element-bebfd58 elementor-widget elementor-widget-image\" data-id=\"bebfd58\" data-element_type=\"widget\" data-widget_type=\"image.default\">\n\t\t\t\t\t\t\t\t\t\t\t\t\t\t\t<img decoding=\"async\" width=\"120\" height=\"120\" src=\"https:\/\/dnremote.com\/wp-content\/uploads\/2025\/12\/home-hero-user-2.jpg\" class=\"attachment-large size-large wp-image-1313\" alt=\"\" \/>\t\t\t\t\t\t\t\t\t\t\t\t\t\t\t<\/div>\n\t\t\t\t<\/div>\n\t\t<div class=\"elementor-element elementor-element-877f097 e-con-full e-flex e-con e-child\" data-id=\"877f097\" data-element_type=\"container\">\n\t\t\t\t<div class=\"elementor-element elementor-element-0d5b4e6 elementor-widget elementor-widget-text-editor\" data-id=\"0d5b4e6\" data-element_type=\"widget\" data-widget_type=\"text-editor.default\">\n\t\t\t\t\t\t\t\t\t<p>Ethan<\/p>\t\t\t\t\t\t\t\t<\/div>\n\t\t\t\t<div class=\"elementor-element elementor-element-638953d elementor-widget elementor-widget-text-editor\" data-id=\"638953d\" data-element_type=\"widget\" data-widget_type=\"text-editor.default\">\n\t\t\t\t\t\t\t\t\t<p>Fuldtid<\/p>\t\t\t\t\t\t\t\t<\/div>\n\t\t\t\t<\/div>\n\t\t\t\t<\/div>\n\t\t\t\t<\/div>\n\t\t\t\t<\/div>\n\t\t\t\t\t<\/div>\n\t\t\t\t<\/div>\n\t\t\t\t<\/div>\n\t\t","protected":false},"excerpt":{"rendered":"<p>Udtalelser Hvad vores teammedlemmer siger \u00c6gte feedback fra personer, der har deltaget i vores fjernarbejdsmuligheder og oplevet vores strukturerede arbejdsproces, fleksible arbejdstider og l\u00f8bende support. \u201cJeg ledte efter en fleksibel online rolle, og denne platform levede op til mine forventninger. Kommunikation er smidig, instruktionerne er klare, og jeg f\u00f8ler mig tryg ved at h\u00e5ndtere mit [&hellip;]<\/p>\n","protected":false},"author":1,"featured_media":0,"parent":0,"menu_order":0,"comment_status":"closed","ping_status":"closed","template":"","meta":{"footnotes":""},"class_list":["post-1374","page","type-page","status-publish","hentry"],"blocksy_meta":{"has_hero_section":"disabled","vertical_spacing_source":"custom","content_area_spacing":"both","styles_descriptor":{"styles":{"desktop":"","tablet":"","mobile":""},"google_fonts":[],"version":6}},"_links":{"self":[{"href":"https:\/\/dnremote.com\/index.php\/wp-json\/wp\/v2\/pages\/1374","targetHints":{"allow":["GET"]}}],"collection":[{"href":"https:\/\/dnremote.com\/index.php\/wp-json\/wp\/v2\/pages"}],"about":[{"href":"https:\/\/dnremote.com\/index.php\/wp-json\/wp\/v2\/types\/page"}],"author":[{"embeddable":true,"href":"https:\/\/dnremote.com\/index.php\/wp-json\/wp\/v2\/users\/1"}],"replies":[{"embeddable":true,"href":"https:\/\/dnremote.com\/index.php\/wp-json\/wp\/v2\/comments?post=1374"}],"version-history":[{"count":4,"href":"https:\/\/dnremote.com\/index.php\/wp-json\/wp\/v2\/pages\/1374\/revisions"}],"predecessor-version":[{"id":1378,"href":"https:\/\/dnremote.com\/index.php\/wp-json\/wp\/v2\/pages\/1374\/revisions\/1378"}],"wp:attachment":[{"href":"https:\/\/dnremote.com\/index.php\/wp-json\/wp\/v2\/media?parent=1374"}],"curies":[{"name":"wp","href":"https:\/\/api.w.org\/{rel}","templated":true}]}}