{"id":1357,"date":"2025-12-25T14:08:21","date_gmt":"2025-12-25T14:08:21","guid":{"rendered":"https:\/\/dnremote.com\/?page_id=1357"},"modified":"2025-12-25T14:09:00","modified_gmt":"2025-12-25T14:09:00","slug":"our-features","status":"publish","type":"page","link":"https:\/\/dnremote.com\/index.php\/our-features\/","title":{"rendered":"Our Features"},"content":{"rendered":"\t\t<div data-elementor-type=\"wp-page\" data-elementor-id=\"1357\" class=\"elementor elementor-1357\" data-elementor-post-type=\"page\">\n\t\t\t\t<div class=\"elementor-element elementor-element-504fd9d e-flex e-con-boxed e-con e-parent\" data-id=\"504fd9d\" data-element_type=\"container\" data-settings=\"{&quot;background_background&quot;:&quot;classic&quot;}\">\n\t\t\t\t\t<div class=\"e-con-inner\">\n\t\t<div class=\"elementor-element elementor-element-7f9a2cb e-con-full e-flex e-con e-child\" data-id=\"7f9a2cb\" data-element_type=\"container\">\n\t\t\t\t<div class=\"elementor-element elementor-element-06823e8 elementor-widget elementor-widget-text-editor\" data-id=\"06823e8\" data-element_type=\"widget\" data-widget_type=\"text-editor.default\">\n\t\t\t\t\t\t\t\t\tVores funktioner\t\t\t\t\t\t\t\t<\/div>\n\t\t\t\t<div class=\"elementor-element elementor-element-0b5b4a3 elementor-widget elementor-widget-heading\" data-id=\"0b5b4a3\" data-element_type=\"widget\" data-widget_type=\"heading.default\">\n\t\t\t\t\t<h2 class=\"elementor-heading-title elementor-size-default\">Hvorfor v\u00e6lge os<\/h2>\t\t\t\t<\/div>\n\t\t\t\t<div class=\"elementor-element elementor-element-639ec8d elementor-widget elementor-widget-text-editor\" data-id=\"639ec8d\" data-element_type=\"widget\" data-widget_type=\"text-editor.default\">\n\t\t\t\t\t\t\t\t\tBaseret p\u00e5 tillid og retf\u00e6rdighed forbinder vi remote talent og arbejdsgivere gennem en gennemsigtig, professionel og p\u00e5lidelig platform.\t\t\t\t\t\t\t\t<\/div>\n\t\t\t\t<div class=\"elementor-element elementor-element-ebd7a45 elementor-widget elementor-widget-image\" data-id=\"ebd7a45\" data-element_type=\"widget\" data-widget_type=\"image.default\">\n\t\t\t\t\t\t\t\t\t\t\t\t\t\t\t<img fetchpriority=\"high\" decoding=\"async\" width=\"1024\" height=\"614\" src=\"https:\/\/dnremote.com\/wp-content\/uploads\/2025\/09\/blog-article-image-1-1024x614.webp\" class=\"attachment-large size-large wp-image-947\" alt=\"\" srcset=\"https:\/\/dnremote.com\/wp-content\/uploads\/2025\/09\/blog-article-image-1-1024x614.webp 1024w, https:\/\/dnremote.com\/wp-content\/uploads\/2025\/09\/blog-article-image-1-300x180.webp 300w, https:\/\/dnremote.com\/wp-content\/uploads\/2025\/09\/blog-article-image-1-768x461.webp 768w, https:\/\/dnremote.com\/wp-content\/uploads\/2025\/09\/blog-article-image-1.webp 1500w\" sizes=\"(max-width: 1024px) 100vw, 1024px\" \/>\t\t\t\t\t\t\t\t\t\t\t\t\t\t\t<\/div>\n\t\t\t\t<\/div>\n\t\t<div class=\"elementor-element elementor-element-310e55a e-con-full e-flex e-con e-child\" data-id=\"310e55a\" data-element_type=\"container\">\n\t\t<div class=\"elementor-element elementor-element-36b78f8 e-con-full e-flex e-con e-child\" data-id=\"36b78f8\" data-element_type=\"container\" data-settings=\"{&quot;background_background&quot;:&quot;classic&quot;}\">\n\t\t\t\t<div class=\"elementor-element elementor-element-1117ed3 elementor-position-inline-start elementor-view-default elementor-mobile-position-block-start elementor-widget elementor-widget-icon-box\" data-id=\"1117ed3\" data-element_type=\"widget\" data-widget_type=\"icon-box.default\">\n\t\t\t\t\t\t\t<div class=\"elementor-icon-box-wrapper\">\n\n\t\t\t\t\t\t<div class=\"elementor-icon-box-icon\">\n\t\t\t\t<span  class=\"elementor-icon\">\n\t\t\t\t<svg aria-hidden=\"true\" class=\"e-font-icon-svg e-fas-tasks\" viewBox=\"0 0 512 512\" xmlns=\"http:\/\/www.w3.org\/2000\/svg\"><path d=\"M139.61 35.5a12 12 0 0 0-17 0L58.93 98.81l-22.7-22.12a12 12 0 0 0-17 0L3.53 92.41a12 12 0 0 0 0 17l47.59 47.4a12.78 12.78 0 0 0 17.61 0l15.59-15.62L156.52 69a12.09 12.09 0 0 0 .09-17zm0 159.19a12 12 0 0 0-17 0l-63.68 63.72-22.7-22.1a12 12 0 0 0-17 0L3.53 252a12 12 0 0 0 0 17L51 316.5a12.77 12.77 0 0 0 17.6 0l15.7-15.69 72.2-72.22a12 12 0 0 0 .09-16.9zM64 368c-26.49 0-48.59 21.5-48.59 48S37.53 464 64 464a48 48 0 0 0 0-96zm432 16H208a16 16 0 0 0-16 16v32a16 16 0 0 0 16 16h288a16 16 0 0 0 16-16v-32a16 16 0 0 0-16-16zm0-320H208a16 16 0 0 0-16 16v32a16 16 0 0 0 16 16h288a16 16 0 0 0 16-16V80a16 16 0 0 0-16-16zm0 160H208a16 16 0 0 0-16 16v32a16 16 0 0 0 16 16h288a16 16 0 0 0 16-16v-32a16 16 0 0 0-16-16z\"><\/path><\/svg>\t\t\t\t<\/span>\n\t\t\t<\/div>\n\t\t\t\n\t\t\t\t\t\t<div class=\"elementor-icon-box-content\">\n\n\t\t\t\t\t\t\t\t\t<h3 class=\"elementor-icon-box-title\">\n\t\t\t\t\t\t<span  >\n\t\t\t\t\t\t\tGennemsigtig opgavestruktur\t\t\t\t\t\t<\/span>\n\t\t\t\t\t<\/h3>\n\t\t\t\t\n\t\t\t\t\t\t\t\t\t<p class=\"elementor-icon-box-description\">\n\t\t\t\t\t\tKlare opgavedetaljer, forventninger og bel\u00f8nninger fra start.\t\t\t\t\t<\/p>\n\t\t\t\t\n\t\t\t<\/div>\n\t\t\t\n\t\t<\/div>\n\t\t\t\t\t\t<\/div>\n\t\t\t\t<div class=\"elementor-element elementor-element-8c23f3f elementor-position-inline-start elementor-view-default elementor-mobile-position-block-start elementor-widget elementor-widget-icon-box\" data-id=\"8c23f3f\" data-element_type=\"widget\" data-widget_type=\"icon-box.default\">\n\t\t\t\t\t\t\t<div class=\"elementor-icon-box-wrapper\">\n\n\t\t\t\t\t\t<div class=\"elementor-icon-box-icon\">\n\t\t\t\t<span  class=\"elementor-icon\">\n\t\t\t\t<svg aria-hidden=\"true\" class=\"e-font-icon-svg e-fas-users-cog\" viewBox=\"0 0 640 512\" xmlns=\"http:\/\/www.w3.org\/2000\/svg\"><path d=\"M610.5 341.3c2.6-14.1 2.6-28.5 0-42.6l25.8-14.9c3-1.7 4.3-5.2 3.3-8.5-6.7-21.6-18.2-41.2-33.2-57.4-2.3-2.5-6-3.1-9-1.4l-25.8 14.9c-10.9-9.3-23.4-16.5-36.9-21.3v-29.8c0-3.4-2.4-6.4-5.7-7.1-22.3-5-45-4.8-66.2 0-3.3.7-5.7 3.7-5.7 7.1v29.8c-13.5 4.8-26 12-36.9 21.3l-25.8-14.9c-2.9-1.7-6.7-1.1-9 1.4-15 16.2-26.5 35.8-33.2 57.4-1 3.3.4 6.8 3.3 8.5l25.8 14.9c-2.6 14.1-2.6 28.5 0 42.6l-25.8 14.9c-3 1.7-4.3 5.2-3.3 8.5 6.7 21.6 18.2 41.1 33.2 57.4 2.3 2.5 6 3.1 9 1.4l25.8-14.9c10.9 9.3 23.4 16.5 36.9 21.3v29.8c0 3.4 2.4 6.4 5.7 7.1 22.3 5 45 4.8 66.2 0 3.3-.7 5.7-3.7 5.7-7.1v-29.8c13.5-4.8 26-12 36.9-21.3l25.8 14.9c2.9 1.7 6.7 1.1 9-1.4 15-16.2 26.5-35.8 33.2-57.4 1-3.3-.4-6.8-3.3-8.5l-25.8-14.9zM496 368.5c-26.8 0-48.5-21.8-48.5-48.5s21.8-48.5 48.5-48.5 48.5 21.8 48.5 48.5-21.7 48.5-48.5 48.5zM96 224c35.3 0 64-28.7 64-64s-28.7-64-64-64-64 28.7-64 64 28.7 64 64 64zm224 32c1.9 0 3.7-.5 5.6-.6 8.3-21.7 20.5-42.1 36.3-59.2 7.4-8 17.9-12.6 28.9-12.6 6.9 0 13.7 1.8 19.6 5.3l7.9 4.6c.8-.5 1.6-.9 2.4-1.4 7-14.6 11.2-30.8 11.2-48 0-61.9-50.1-112-112-112S208 82.1 208 144c0 61.9 50.1 112 112 112zm105.2 194.5c-2.3-1.2-4.6-2.6-6.8-3.9-8.2 4.8-15.3 9.8-27.5 9.8-10.9 0-21.4-4.6-28.9-12.6-18.3-19.8-32.3-43.9-40.2-69.6-10.7-34.5 24.9-49.7 25.8-50.3-.1-2.6-.1-5.2 0-7.8l-7.9-4.6c-3.8-2.2-7-5-9.8-8.1-3.3.2-6.5.6-9.8.6-24.6 0-47.6-6-68.5-16h-8.3C179.6 288 128 339.6 128 403.2V432c0 26.5 21.5 48 48 48h255.4c-3.7-6-6.2-12.8-6.2-20.3v-9.2zM173.1 274.6C161.5 263.1 145.6 256 128 256H64c-35.3 0-64 28.7-64 64v32c0 17.7 14.3 32 32 32h65.9c6.3-47.4 34.9-87.3 75.2-109.4z\"><\/path><\/svg>\t\t\t\t<\/span>\n\t\t\t<\/div>\n\t\t\t\n\t\t\t\t\t\t<div class=\"elementor-icon-box-content\">\n\n\t\t\t\t\t\t\t\t\t<h3 class=\"elementor-icon-box-title\">\n\t\t\t\t\t\t<span  >\n\t\t\t\t\t\t\tStabilt supportteam\t\t\t\t\t\t<\/span>\n\t\t\t\t\t<\/h3>\n\t\t\t\t\n\t\t\t\t\t\t\t\t\t<p class=\"elementor-icon-box-description\">\n\t\t\t\t\t\tVores dedikerede supportteam st\u00e5r klar til at hj\u00e6lpe dig.\t\t\t\t\t<\/p>\n\t\t\t\t\n\t\t\t<\/div>\n\t\t\t\n\t\t<\/div>\n\t\t\t\t\t\t<\/div>\n\t\t\t\t<div class=\"elementor-element elementor-element-8148f07 elementor-position-inline-start elementor-view-default elementor-mobile-position-block-start elementor-widget elementor-widget-icon-box\" data-id=\"8148f07\" data-element_type=\"widget\" data-widget_type=\"icon-box.default\">\n\t\t\t\t\t\t\t<div class=\"elementor-icon-box-wrapper\">\n\n\t\t\t\t\t\t<div class=\"elementor-icon-box-icon\">\n\t\t\t\t<span  class=\"elementor-icon\">\n\t\t\t\t<svg aria-hidden=\"true\" class=\"e-font-icon-svg e-fas-coins\" viewBox=\"0 0 512 512\" xmlns=\"http:\/\/www.w3.org\/2000\/svg\"><path d=\"M0 405.3V448c0 35.3 86 64 192 64s192-28.7 192-64v-42.7C342.7 434.4 267.2 448 192 448S41.3 434.4 0 405.3zM320 128c106 0 192-28.7 192-64S426 0 320 0 128 28.7 128 64s86 64 192 64zM0 300.4V352c0 35.3 86 64 192 64s192-28.7 192-64v-51.6c-41.3 34-116.9 51.6-192 51.6S41.3 334.4 0 300.4zm416 11c57.3-11.1 96-31.7 96-55.4v-42.7c-23.2 16.4-57.3 27.6-96 34.5v63.6zM192 160C86 160 0 195.8 0 240s86 80 192 80 192-35.8 192-80-86-80-192-80zm219.3 56.3c60-10.8 100.7-32 100.7-56.3v-42.7c-35.5 25.1-96.5 38.6-160.7 41.8 29.5 14.3 51.2 33.5 60 57.2z\"><\/path><\/svg>\t\t\t\t<\/span>\n\t\t\t<\/div>\n\t\t\t\n\t\t\t\t\t\t<div class=\"elementor-icon-box-content\">\n\n\t\t\t\t\t\t\t\t\t<h3 class=\"elementor-icon-box-title\">\n\t\t\t\t\t\t<span  >\n\t\t\t\t\t\t\tFleksibelt indtjeningspotentiale\t\t\t\t\t\t<\/span>\n\t\t\t\t\t<\/h3>\n\t\t\t\t\n\t\t\t\t\t\t\t\t\t<p class=\"elementor-icon-box-description\">\n\t\t\t\t\t\tArbejd p\u00e5 dine egne tider og tjen baseret p\u00e5 dit bidrag.\t\t\t\t\t<\/p>\n\t\t\t\t\n\t\t\t<\/div>\n\t\t\t\n\t\t<\/div>\n\t\t\t\t\t\t<\/div>\n\t\t\t\t<\/div>\n\t\t<div class=\"elementor-element elementor-element-fe9b43f e-con-full e-flex e-con e-child\" data-id=\"fe9b43f\" data-element_type=\"container\" data-settings=\"{&quot;background_background&quot;:&quot;classic&quot;}\">\n\t\t<div class=\"elementor-element elementor-element-06faf01 e-con-full e-flex e-con e-child\" data-id=\"06faf01\" data-element_type=\"container\">\n\t\t\t\t<div class=\"elementor-element elementor-element-154bc1d elementor-widget elementor-widget-heading\" data-id=\"154bc1d\" data-element_type=\"widget\" data-widget_type=\"heading.default\">\n\t\t\t\t\t<h3 class=\"elementor-heading-title elementor-size-default\">Sikkerhedsvurdering<\/h3>\t\t\t\t<\/div>\n\t\t\t\t<div class=\"elementor-element elementor-element-7e0896d elementor-widget elementor-widget-counter\" data-id=\"7e0896d\" data-element_type=\"widget\" data-widget_type=\"counter.default\">\n\t\t\t\t\t\t\t<div class=\"elementor-counter\">\n\t\t\t\t\t\t<div class=\"elementor-counter-number-wrapper\">\n\t\t\t\t<span class=\"elementor-counter-number-prefix\"><\/span>\n\t\t\t\t<span class=\"elementor-counter-number\" data-duration=\"2000\" data-to-value=\"100\" data-from-value=\"0\" data-delimiter=\",\">0<\/span>\n\t\t\t\t<span class=\"elementor-counter-number-suffix\">%<\/span>\n\t\t\t<\/div>\n\t\t<\/div>\n\t\t\t\t\t\t<\/div>\n\t\t\t\t<\/div>\n\t\t<div class=\"elementor-element elementor-element-dd0a3f6 e-con-full e-flex e-con e-child\" data-id=\"dd0a3f6\" data-element_type=\"container\">\n\t\t\t\t<div class=\"elementor-element elementor-element-e64e0c8 elementor-widget elementor-widget-text-editor\" data-id=\"e64e0c8\" data-element_type=\"widget\" data-widget_type=\"text-editor.default\">\n\t\t\t\t\t\t\t\t\tVi er bygget p\u00e5 et fundament af tillid, integritet og muligheder.\t\t\t\t\t\t\t\t<\/div>\n\t\t<div class=\"elementor-element elementor-element-d0b799d e-con-full e-flex e-con e-child\" data-id=\"d0b799d\" data-element_type=\"container\">\n\t\t\t\t<div class=\"elementor-element elementor-element-8357bb6 elementor-widget elementor-widget-image\" data-id=\"8357bb6\" data-element_type=\"widget\" data-widget_type=\"image.default\">\n\t\t\t\t\t\t\t\t\t\t\t\t\t\t\t<img decoding=\"async\" width=\"120\" height=\"120\" src=\"https:\/\/dnremote.com\/wp-content\/uploads\/2025\/10\/home-hero-user-4.webp\" class=\"attachment-large size-large wp-image-303\" alt=\"\" \/>\t\t\t\t\t\t\t\t\t\t\t\t\t\t\t<\/div>\n\t\t\t\t<div class=\"elementor-element elementor-element-b45ba5c elementor-widget elementor-widget-image\" data-id=\"b45ba5c\" data-element_type=\"widget\" data-widget_type=\"image.default\">\n\t\t\t\t\t\t\t\t\t\t\t\t\t\t\t<img decoding=\"async\" width=\"120\" height=\"120\" src=\"https:\/\/dnremote.com\/wp-content\/uploads\/2025\/10\/home-hero-user-3.webp\" class=\"attachment-large size-large wp-image-302\" alt=\"\" \/>\t\t\t\t\t\t\t\t\t\t\t\t\t\t\t<\/div>\n\t\t\t\t<div class=\"elementor-element elementor-element-e565e9a elementor-widget elementor-widget-image\" data-id=\"e565e9a\" data-element_type=\"widget\" data-widget_type=\"image.default\">\n\t\t\t\t\t\t\t\t\t\t\t\t\t\t\t<img loading=\"lazy\" decoding=\"async\" width=\"120\" height=\"120\" src=\"https:\/\/dnremote.com\/wp-content\/uploads\/2025\/10\/home-hero-user-1.webp\" class=\"attachment-large size-large wp-image-300\" alt=\"\" \/>\t\t\t\t\t\t\t\t\t\t\t\t\t\t\t<\/div>\n\t\t\t\t<\/div>\n\t\t\t\t<\/div>\n\t\t\t\t<\/div>\n\t\t\t\t<\/div>\n\t\t\t\t\t<\/div>\n\t\t\t\t<\/div>\n\t\t\t\t<\/div>\n\t\t","protected":false},"excerpt":{"rendered":"<p>Vores funktioner Hvorfor v\u00e6lge os Baseret p\u00e5 tillid og retf\u00e6rdighed forbinder vi remote talent og arbejdsgivere gennem en gennemsigtig, professionel og p\u00e5lidelig platform. Gennemsigtig opgavestruktur Klare opgavedetaljer, forventninger og bel\u00f8nninger fra start. Stabilt supportteam Vores dedikerede supportteam st\u00e5r klar til at hj\u00e6lpe dig. Fleksibelt indtjeningspotentiale Arbejd p\u00e5 dine egne tider og tjen baseret p\u00e5 dit [&hellip;]<\/p>\n","protected":false},"author":1,"featured_media":0,"parent":0,"menu_order":0,"comment_status":"closed","ping_status":"closed","template":"","meta":{"footnotes":""},"class_list":["post-1357","page","type-page","status-publish","hentry"],"blocksy_meta":{"has_hero_section":"disabled","vertical_spacing_source":"custom","content_area_spacing":"both","styles_descriptor":{"styles":{"desktop":"","tablet":"","mobile":""},"google_fonts":[],"version":6}},"_links":{"self":[{"href":"https:\/\/dnremote.com\/index.php\/wp-json\/wp\/v2\/pages\/1357","targetHints":{"allow":["GET"]}}],"collection":[{"href":"https:\/\/dnremote.com\/index.php\/wp-json\/wp\/v2\/pages"}],"about":[{"href":"https:\/\/dnremote.com\/index.php\/wp-json\/wp\/v2\/types\/page"}],"author":[{"embeddable":true,"href":"https:\/\/dnremote.com\/index.php\/wp-json\/wp\/v2\/users\/1"}],"replies":[{"embeddable":true,"href":"https:\/\/dnremote.com\/index.php\/wp-json\/wp\/v2\/comments?post=1357"}],"version-history":[{"count":5,"href":"https:\/\/dnremote.com\/index.php\/wp-json\/wp\/v2\/pages\/1357\/revisions"}],"predecessor-version":[{"id":1362,"href":"https:\/\/dnremote.com\/index.php\/wp-json\/wp\/v2\/pages\/1357\/revisions\/1362"}],"wp:attachment":[{"href":"https:\/\/dnremote.com\/index.php\/wp-json\/wp\/v2\/media?parent=1357"}],"curies":[{"name":"wp","href":"https:\/\/api.w.org\/{rel}","templated":true}]}}